{"id":1352,"date":"2023-07-11T13:30:27","date_gmt":"2023-07-11T11:30:27","guid":{"rendered":"http:\/\/restaurace-mandat.cz\/?page_id=1352"},"modified":"2026-02-03T19:10:42","modified_gmt":"2026-02-03T18:10:42","slug":"restaurace","status":"publish","type":"page","link":"https:\/\/restaurace-mandat.cz\/en\/restaurace\/","title":{"rendered":"Restaurant"},"content":{"rendered":"<div data-elementor-type=\"wp-page\" data-elementor-id=\"1352\" class=\"elementor elementor-1352\">\n\t\t\t\t\t\t<section class=\"elementor-section elementor-top-section elementor-element elementor-element-87990b0 elementor-section-boxed elementor-section-height-default elementor-section-height-default\" data-id=\"87990b0\" data-element_type=\"section\">\n\t\t\t\t\t\t<div class=\"elementor-container elementor-column-gap-default\">\n\t\t\t\t\t<div class=\"elementor-column elementor-col-100 elementor-top-column elementor-element elementor-element-9348f92 ph-box\" data-id=\"9348f92\" data-element_type=\"column\" data-settings=\"{&quot;background_background&quot;:&quot;classic&quot;}\">\n\t\t\t<div class=\"elementor-widget-wrap elementor-element-populated\">\n\t\t\t\t\t\t<div class=\"elementor-element elementor-element-84c043d elementor-widget elementor-widget-text-editor\" data-id=\"84c043d\" data-element_type=\"widget\" data-widget_type=\"text-editor.default\">\n\t\t\t\t<div class=\"elementor-widget-container\">\n\t\t\t<style>\/*! elementor - v3.21.0 - 25-04-2024 *\/\n.elementor-widget-text-editor.elementor-drop-cap-view-stacked .elementor-drop-cap{background-color:#69727d;color:#fff}.elementor-widget-text-editor.elementor-drop-cap-view-framed .elementor-drop-cap{color:#69727d;border:3px solid;background-color:transparent}.elementor-widget-text-editor:not(.elementor-drop-cap-view-default) .elementor-drop-cap{margin-top:8px}.elementor-widget-text-editor:not(.elementor-drop-cap-view-default) .elementor-drop-cap-letter{width:1em;height:1em}.elementor-widget-text-editor .elementor-drop-cap{float:left;text-align:center;line-height:1;font-size:50px}.elementor-widget-text-editor .elementor-drop-cap-letter{display:inline-block}<\/style>\t\t\t\t<p><strong><span class=\"font-hero\">Mand\u00e1t Ristorante<br \/><\/span><\/strong><\/p><hr \/>\t\t\t\t\t\t<\/div>\n\t\t\t\t<\/div>\n\t\t\t\t<div class=\"elementor-element elementor-element-cb5ebdb elementor-widget__width-initial elementor-widget elementor-widget-text-editor\" data-id=\"cb5ebdb\" data-element_type=\"widget\" data-widget_type=\"text-editor.default\">\n\t\t\t\t<div class=\"elementor-widget-container\">\n\t\t\t\t\t\t\t<p>Zveme V\u00e1s k posezen\u00ed do na\u0161\u00ed restaurace v srdci p\u0159\u00edrody, <br \/>kde pro V\u00e1s ka\u017ed\u00fd den p\u0159ipravujeme <strong>poctivou\u00a0pizzu, t\u011bstoviny, steaky a sal\u00e1ty<\/strong>\u00a0<\/p><p>Restaurace pojme a\u017e 40 host\u016f uvnit\u0159 a dal\u0161\u00edch 50 m\u00edst je k dispozici na prostorn\u00e9 terase s n\u00e1dhern\u00fdm v\u00fdhledem na \u0159eku Vltavu.<\/p><p><b>V r\u00e1mci sousedn\u00edch obc\u00ed nab\u00edz\u00edme rozvoz j\u00eddla zdarma!<\/b><\/p><p>PO-SO 17-21:00<\/p>\t\t\t\t\t\t<\/div>\n\t\t\t\t<\/div>\n\t\t\t\t<div class=\"elementor-element elementor-element-d9cb441 elementor-align-center elementor-widget elementor-widget-button\" data-id=\"d9cb441\" data-element_type=\"widget\" data-widget_type=\"button.default\">\n\t\t\t\t<div class=\"elementor-widget-container\">\n\t\t\t\t\t<div class=\"elementor-button-wrapper\">\n\t\t\t<a class=\"elementor-button elementor-button-link elementor-size-sm\" href=\"https:\/\/restaurace-mandat.cz\/wp-content\/uploads\/2025\/11\/mandat-menu-cesky.pdf\" target=\"_blank\">\n\t\t\t\t\t\t<span class=\"elementor-button-content-wrapper\">\n\t\t\t\t\t\t\t\t\t<span class=\"elementor-button-text\">J\u00cdDELN\u00cd L\u00cdSTEK RESTAURACE<\/span>\n\t\t\t\t\t<\/span>\n\t\t\t\t\t<\/a>\n\t\t<\/div>\n\t\t\t\t<\/div>\n\t\t\t\t<\/div>\n\t\t\t\t<div class=\"elementor-element elementor-element-a8d51db elementor-align-center elementor-widget elementor-widget-button\" data-id=\"a8d51db\" data-element_type=\"widget\" data-widget_type=\"button.default\">\n\t\t\t\t<div class=\"elementor-widget-container\">\n\t\t\t\t\t<div class=\"elementor-button-wrapper\">\n\t\t\t<a class=\"elementor-button elementor-button-link elementor-size-sm\" href=\"https:\/\/restaurace-mandat.cz\/wp-content\/uploads\/2026\/02\/ROZVOZ-A5-3.pdf\">\n\t\t\t\t\t\t<span class=\"elementor-button-content-wrapper\">\n\t\t\t\t\t\t\t\t\t<span class=\"elementor-button-text\">MENU PRO ROZVOZ<\/span>\n\t\t\t\t\t<\/span>\n\t\t\t\t\t<\/a>\n\t\t<\/div>\n\t\t\t\t<\/div>\n\t\t\t\t<\/div>\n\t\t\t\t\t<\/div>\n\t\t<\/div>\n\t\t\t\t\t<\/div>\n\t\t<\/section>\n\t\t\t\t<section class=\"elementor-section elementor-top-section elementor-element elementor-element-e800620 elementor-section-boxed elementor-section-height-default elementor-section-height-default\" data-id=\"e800620\" data-element_type=\"section\">\n\t\t\t\t\t\t<div class=\"elementor-container elementor-column-gap-default\">\n\t\t\t\t\t<div class=\"elementor-column elementor-col-50 elementor-top-column elementor-element elementor-element-f8f0590 content-box\" data-id=\"f8f0590\" data-element_type=\"column\">\n\t\t\t<div class=\"elementor-widget-wrap elementor-element-populated\">\n\t\t\t\t\t\t<section class=\"elementor-section elementor-inner-section elementor-element elementor-element-5d101f0 elementor-section-boxed elementor-section-height-default elementor-section-height-default\" data-id=\"5d101f0\" data-element_type=\"section\">\n\t\t\t\t\t\t<div class=\"elementor-container elementor-column-gap-default\">\n\t\t\t\t\t<div class=\"elementor-column elementor-col-50 elementor-inner-column elementor-element elementor-element-14a61d6 text-box-left text-box\" data-id=\"14a61d6\" data-element_type=\"column\">\n\t\t\t<div class=\"elementor-widget-wrap elementor-element-populated\">\n\t\t\t\t\t\t<div class=\"elementor-element elementor-element-f839bd6 text-box elementor-widget elementor-widget-text-editor\" data-id=\"f839bd6\" data-element_type=\"widget\" data-widget_type=\"text-editor.default\">\n\t\t\t\t<div class=\"elementor-widget-container\">\n\t\t\t\t\t\t\t<h2><strong>Poctiv\u00e1 Pizza&amp;Pasta steaky, sal\u00e1ty<\/strong><\/h2><hr \/>\t\t\t\t\t\t<\/div>\n\t\t\t\t<\/div>\n\t\t\t\t\t<\/div>\n\t\t<\/div>\n\t\t\t\t<div class=\"elementor-column elementor-col-50 elementor-inner-column elementor-element elementor-element-225eaf9\" data-id=\"225eaf9\" data-element_type=\"column\">\n\t\t\t<div class=\"elementor-widget-wrap elementor-element-populated\">\n\t\t\t\t\t\t<div class=\"elementor-element elementor-element-6b61b96 elementor-widget elementor-widget-image\" data-id=\"6b61b96\" data-element_type=\"widget\" data-widget_type=\"image.default\">\n\t\t\t\t<div class=\"elementor-widget-container\">\n\t\t\t<style>\/*! elementor - v3.21.0 - 25-04-2024 *\/\n.elementor-widget-image{text-align:center}.elementor-widget-image a{display:inline-block}.elementor-widget-image a img[src$=\".svg\"]{width:48px}.elementor-widget-image img{vertical-align:middle;display:inline-block}<\/style>\t\t\t\t\t\t\t\t\t\t<img fetchpriority=\"high\" decoding=\"async\" width=\"800\" height=\"533\" src=\"https:\/\/restaurace-mandat.cz\/wp-content\/uploads\/2023\/07\/small_66b764e4-f301-494b-a144-33956f513d62-1024x682.jpg\" class=\"attachment-large size-large wp-image-1307\" alt=\"\" srcset=\"https:\/\/restaurace-mandat.cz\/wp-content\/uploads\/2023\/07\/small_66b764e4-f301-494b-a144-33956f513d62-1024x682.jpg 1024w, https:\/\/restaurace-mandat.cz\/wp-content\/uploads\/2023\/07\/small_66b764e4-f301-494b-a144-33956f513d62-300x200.jpg 300w, https:\/\/restaurace-mandat.cz\/wp-content\/uploads\/2023\/07\/small_66b764e4-f301-494b-a144-33956f513d62-768x512.jpg 768w, https:\/\/restaurace-mandat.cz\/wp-content\/uploads\/2023\/07\/small_66b764e4-f301-494b-a144-33956f513d62-18x12.jpg 18w, https:\/\/restaurace-mandat.cz\/wp-content\/uploads\/2023\/07\/small_66b764e4-f301-494b-a144-33956f513d62.jpg 1280w\" sizes=\"(max-width: 800px) 100vw, 800px\" \/>\t\t\t\t\t\t\t\t\t\t\t\t\t<\/div>\n\t\t\t\t<\/div>\n\t\t\t\t<div class=\"elementor-element elementor-element-1e9b24a elementor-widget elementor-widget-image\" data-id=\"1e9b24a\" data-element_type=\"widget\" data-widget_type=\"image.default\">\n\t\t\t\t<div class=\"elementor-widget-container\">\n\t\t\t\t\t\t\t\t\t\t\t\t\t<img decoding=\"async\" width=\"800\" height=\"533\" src=\"https:\/\/restaurace-mandat.cz\/wp-content\/uploads\/2023\/07\/small_7e681fd9-f165-4341-9724-c05b66f813a2-1-1024x682.jpg\" class=\"attachment-large size-large wp-image-1309\" alt=\"\" srcset=\"https:\/\/restaurace-mandat.cz\/wp-content\/uploads\/2023\/07\/small_7e681fd9-f165-4341-9724-c05b66f813a2-1-1024x682.jpg 1024w, https:\/\/restaurace-mandat.cz\/wp-content\/uploads\/2023\/07\/small_7e681fd9-f165-4341-9724-c05b66f813a2-1-300x200.jpg 300w, https:\/\/restaurace-mandat.cz\/wp-content\/uploads\/2023\/07\/small_7e681fd9-f165-4341-9724-c05b66f813a2-1-768x512.jpg 768w, https:\/\/restaurace-mandat.cz\/wp-content\/uploads\/2023\/07\/small_7e681fd9-f165-4341-9724-c05b66f813a2-1-18x12.jpg 18w, https:\/\/restaurace-mandat.cz\/wp-content\/uploads\/2023\/07\/small_7e681fd9-f165-4341-9724-c05b66f813a2-1.jpg 1280w\" sizes=\"(max-width: 800px) 100vw, 800px\" \/>\t\t\t\t\t\t\t\t\t\t\t\t\t<\/div>\n\t\t\t\t<\/div>\n\t\t\t\t\t<\/div>\n\t\t<\/div>\n\t\t\t\t\t<\/div>\n\t\t<\/section>\n\t\t\t\t\t<\/div>\n\t\t<\/div>\n\t\t\t\t<div class=\"elementor-column elementor-col-50 elementor-top-column elementor-element elementor-element-6409c01\" data-id=\"6409c01\" data-element_type=\"column\" data-settings=\"{&quot;background_background&quot;:&quot;classic&quot;}\">\n\t\t\t<div class=\"elementor-widget-wrap elementor-element-populated\">\n\t\t\t\t\t\t<section class=\"elementor-section elementor-inner-section elementor-element elementor-element-8fcf845 content-box elementor-section-boxed elementor-section-height-default elementor-section-height-default\" data-id=\"8fcf845\" data-element_type=\"section\">\n\t\t\t\t\t\t<div class=\"elementor-container elementor-column-gap-default\">\n\t\t\t\t\t<div class=\"elementor-column elementor-col-50 elementor-inner-column elementor-element elementor-element-be71fea\" data-id=\"be71fea\" data-element_type=\"column\">\n\t\t\t<div class=\"elementor-widget-wrap elementor-element-populated\">\n\t\t\t\t\t\t<div class=\"elementor-element elementor-element-b3b4390 elementor-widget elementor-widget-image\" data-id=\"b3b4390\" data-element_type=\"widget\" data-widget_type=\"image.default\">\n\t\t\t\t<div class=\"elementor-widget-container\">\n\t\t\t\t\t\t\t\t\t\t\t\t\t<img decoding=\"async\" width=\"800\" height=\"534\" src=\"https:\/\/restaurace-mandat.cz\/wp-content\/uploads\/2023\/10\/1-IMG-20221001-WA0000-1024x683.jpg\" class=\"attachment-large size-large wp-image-1567\" alt=\"\" srcset=\"https:\/\/restaurace-mandat.cz\/wp-content\/uploads\/2023\/10\/1-IMG-20221001-WA0000-1024x683.jpg 1024w, https:\/\/restaurace-mandat.cz\/wp-content\/uploads\/2023\/10\/1-IMG-20221001-WA0000-300x200.jpg 300w, https:\/\/restaurace-mandat.cz\/wp-content\/uploads\/2023\/10\/1-IMG-20221001-WA0000-768x512.jpg 768w, https:\/\/restaurace-mandat.cz\/wp-content\/uploads\/2023\/10\/1-IMG-20221001-WA0000-1536x1024.jpg 1536w, https:\/\/restaurace-mandat.cz\/wp-content\/uploads\/2023\/10\/1-IMG-20221001-WA0000-18x12.jpg 18w, https:\/\/restaurace-mandat.cz\/wp-content\/uploads\/2023\/10\/1-IMG-20221001-WA0000.jpg 1600w\" sizes=\"(max-width: 800px) 100vw, 800px\" \/>\t\t\t\t\t\t\t\t\t\t\t\t\t<\/div>\n\t\t\t\t<\/div>\n\t\t\t\t<div class=\"elementor-element elementor-element-10880a3 elementor-widget elementor-widget-image\" data-id=\"10880a3\" data-element_type=\"widget\" data-widget_type=\"image.default\">\n\t\t\t\t<div class=\"elementor-widget-container\">\n\t\t\t\t\t\t\t\t\t\t\t\t\t<img loading=\"lazy\" decoding=\"async\" width=\"800\" height=\"534\" src=\"https:\/\/restaurace-mandat.cz\/wp-content\/uploads\/2023\/10\/2-IMG_20220930_105945_522.jpg\" class=\"attachment-large size-large wp-image-1566\" alt=\"\" srcset=\"https:\/\/restaurace-mandat.cz\/wp-content\/uploads\/2023\/10\/2-IMG_20220930_105945_522.jpg 1000w, https:\/\/restaurace-mandat.cz\/wp-content\/uploads\/2023\/10\/2-IMG_20220930_105945_522-300x200.jpg 300w, https:\/\/restaurace-mandat.cz\/wp-content\/uploads\/2023\/10\/2-IMG_20220930_105945_522-768x512.jpg 768w, https:\/\/restaurace-mandat.cz\/wp-content\/uploads\/2023\/10\/2-IMG_20220930_105945_522-18x12.jpg 18w\" sizes=\"(max-width: 800px) 100vw, 800px\" \/>\t\t\t\t\t\t\t\t\t\t\t\t\t<\/div>\n\t\t\t\t<\/div>\n\t\t\t\t\t<\/div>\n\t\t<\/div>\n\t\t\t\t<div class=\"elementor-column elementor-col-50 elementor-inner-column elementor-element elementor-element-ed485a9 text-box-right text-box\" data-id=\"ed485a9\" data-element_type=\"column\">\n\t\t\t<div class=\"elementor-widget-wrap elementor-element-populated\">\n\t\t\t\t\t\t<div class=\"elementor-element elementor-element-7d80890 text-box elementor-widget elementor-widget-text-editor\" data-id=\"7d80890\" data-element_type=\"widget\" data-widget_type=\"text-editor.default\">\n\t\t\t\t<div class=\"elementor-widget-container\">\n\t\t\t\t\t\t\t<h2><strong>Served <br \/>\u010di tematick\u00e1 rautov\u00e1 menu<\/strong><\/h2><hr \/>\t\t\t\t\t\t<\/div>\n\t\t\t\t<\/div>\n\t\t\t\t\t<\/div>\n\t\t<\/div>\n\t\t\t\t\t<\/div>\n\t\t<\/section>\n\t\t\t\t\t<\/div>\n\t\t<\/div>\n\t\t\t\t\t<\/div>\n\t\t<\/section>\n\t\t\t\t<section class=\"elementor-section elementor-top-section elementor-element elementor-element-435d6f1 elementor-section-boxed elementor-section-height-default elementor-section-height-default\" data-id=\"435d6f1\" data-element_type=\"section\">\n\t\t\t\t\t\t<div class=\"elementor-container elementor-column-gap-default\">\n\t\t\t\t\t<div class=\"elementor-column elementor-col-100 elementor-top-column elementor-element elementor-element-81fbc1e\" data-id=\"81fbc1e\" data-element_type=\"column\" data-settings=\"{&quot;background_background&quot;:&quot;classic&quot;}\">\n\t\t\t<div class=\"elementor-widget-wrap elementor-element-populated\">\n\t\t\t\t\t\t<div class=\"elementor-element elementor-element-1c9a35b text-box elementor-widget elementor-widget-text-editor\" data-id=\"1c9a35b\" data-element_type=\"widget\" data-widget_type=\"text-editor.default\">\n\t\t\t\t<div class=\"elementor-widget-container\">\n\t\t\t\t\t\t\t<p class=\"pre-header font-hero\">SERV\u00cdROVAN\u00c1 A RAUTOV\u00c1 MENU<\/p><h3 class=\"font-main-bold\"><strong>Vyberte si z na\u0161\u00ed nab\u00eddky t\u00e9matick\u00fdch raut\u016f nebo V\u00e1m na objedn\u00e1vku p\u0159iprav\u00edme cokoliv dle Va\u0161eho p\u0159\u00e1n\u00ed!<\/strong><\/h3><hr \/><p>If you are interested in visiting our restaurant, please make a reservation by phone at tel. <strong>+420 604 379 147<\/strong>.<\/p><p>Thank you and we look forward to seeing you.\u00a0<\/p>\t\t\t\t\t\t<\/div>\n\t\t\t\t<\/div>\n\t\t\t\t<div class=\"elementor-element elementor-element-77aa669 elementor-align-center elementor-widget elementor-widget-button\" data-id=\"77aa669\" data-element_type=\"widget\" data-widget_type=\"button.default\">\n\t\t\t\t<div class=\"elementor-widget-container\">\n\t\t\t\t\t<div class=\"elementor-button-wrapper\">\n\t\t\t<a class=\"elementor-button elementor-button-link elementor-size-sm\" href=\"https:\/\/restaurace-mandat.cz\/en\/restaurace\/banketova-nabidka\/\">\n\t\t\t\t\t\t<span class=\"elementor-button-content-wrapper\">\n\t\t\t\t\t\t\t\t\t<span class=\"elementor-button-text\">NAB\u00cdDKU T\u00c9MATICK\u00ddCH RAUT\u016e NALEZNETE ZDE<\/span>\n\t\t\t\t\t<\/span>\n\t\t\t\t\t<\/a>\n\t\t<\/div>\n\t\t\t\t<\/div>\n\t\t\t\t<\/div>\n\t\t\t\t<div class=\"elementor-element elementor-element-e5659d5 elementor-widget elementor-widget-spacer\" data-id=\"e5659d5\" data-element_type=\"widget\" data-widget_type=\"spacer.default\">\n\t\t\t\t<div class=\"elementor-widget-container\">\n\t\t\t<style>\/*! elementor - v3.21.0 - 25-04-2024 *\/\n.elementor-column .elementor-spacer-inner{height:var(--spacer-size)}.e-con{--container-widget-width:100%}.e-con-inner>.elementor-widget-spacer,.e-con>.elementor-widget-spacer{width:var(--container-widget-width,var(--spacer-size));--align-self:var(--container-widget-align-self,initial);--flex-shrink:0}.e-con-inner>.elementor-widget-spacer>.elementor-widget-container,.e-con>.elementor-widget-spacer>.elementor-widget-container{height:100%;width:100%}.e-con-inner>.elementor-widget-spacer>.elementor-widget-container>.elementor-spacer,.e-con>.elementor-widget-spacer>.elementor-widget-container>.elementor-spacer{height:100%}.e-con-inner>.elementor-widget-spacer>.elementor-widget-container>.elementor-spacer>.elementor-spacer-inner,.e-con>.elementor-widget-spacer>.elementor-widget-container>.elementor-spacer>.elementor-spacer-inner{height:var(--container-widget-height,var(--spacer-size))}.e-con-inner>.elementor-widget-spacer.elementor-widget-empty,.e-con>.elementor-widget-spacer.elementor-widget-empty{position:relative;min-height:22px;min-width:22px}.e-con-inner>.elementor-widget-spacer.elementor-widget-empty .elementor-widget-empty-icon,.e-con>.elementor-widget-spacer.elementor-widget-empty .elementor-widget-empty-icon{position:absolute;top:0;bottom:0;left:0;right:0;margin:auto;padding:0;width:22px;height:22px}<\/style>\t\t<div class=\"elementor-spacer\">\n\t\t\t<div class=\"elementor-spacer-inner\"><\/div>\n\t\t<\/div>\n\t\t\t\t<\/div>\n\t\t\t\t<\/div>\n\t\t\t\t\t<\/div>\n\t\t<\/div>\n\t\t\t\t\t<\/div>\n\t\t<\/section>\n\t\t\t\t<\/div>","protected":false},"excerpt":{"rendered":"<p>Mand\u00e1t Ristorante Zveme V\u00e1s k posezen\u00ed do na\u0161\u00ed restaurace v srdci p\u0159\u00edrody, kde pro V\u00e1s ka\u017ed\u00fd den p\u0159ipravujeme poctivou\u00a0pizzu, t\u011bstoviny, steaky a sal\u00e1ty\u00a0 Restaurace pojme a\u017e 40 host\u016f uvnit\u0159 a dal\u0161\u00edch 50 m\u00edst je k dispozici na prostorn\u00e9 terase s n\u00e1dhern\u00fdm v\u00fdhledem na \u0159eku Vltavu. V r\u00e1mci sousedn\u00edch obc\u00ed nab\u00edz\u00edme rozvoz j\u00eddla zdarma! PO-SO 17-21:00 [&hellip;]<\/p>","protected":false},"author":4,"featured_media":0,"parent":0,"menu_order":0,"comment_status":"closed","ping_status":"closed","template":"","meta":{"_acf_changed":false,"ngg_post_thumbnail":0,"footnotes":""},"class_list":["post-1352","page","type-page","status-publish","hentry"],"acf":[],"_links":{"self":[{"href":"https:\/\/restaurace-mandat.cz\/en\/wp-json\/wp\/v2\/pages\/1352","targetHints":{"allow":["GET"]}}],"collection":[{"href":"https:\/\/restaurace-mandat.cz\/en\/wp-json\/wp\/v2\/pages"}],"about":[{"href":"https:\/\/restaurace-mandat.cz\/en\/wp-json\/wp\/v2\/types\/page"}],"author":[{"embeddable":true,"href":"https:\/\/restaurace-mandat.cz\/en\/wp-json\/wp\/v2\/users\/4"}],"replies":[{"embeddable":true,"href":"https:\/\/restaurace-mandat.cz\/en\/wp-json\/wp\/v2\/comments?post=1352"}],"version-history":[{"count":135,"href":"https:\/\/restaurace-mandat.cz\/en\/wp-json\/wp\/v2\/pages\/1352\/revisions"}],"predecessor-version":[{"id":3560,"href":"https:\/\/restaurace-mandat.cz\/en\/wp-json\/wp\/v2\/pages\/1352\/revisions\/3560"}],"wp:attachment":[{"href":"https:\/\/restaurace-mandat.cz\/en\/wp-json\/wp\/v2\/media?parent=1352"}],"curies":[{"name":"wp","href":"https:\/\/api.w.org\/{rel}","templated":true}]}}