{"id":1386,"date":"2023-07-11T15:07:18","date_gmt":"2023-07-11T13:07:18","guid":{"rendered":"http:\/\/restaurace-mandat.cz\/?page_id=1386"},"modified":"2025-11-05T07:45:13","modified_gmt":"2025-11-05T06:45:13","slug":"teambuilding","status":"publish","type":"page","link":"http:\/\/restaurace-mandat.cz\/en\/teambuilding\/","title":{"rendered":"For Companies"},"content":{"rendered":"<div data-elementor-type=\"wp-page\" data-elementor-id=\"1386\" class=\"elementor elementor-1386\">\n\t\t\t\t\t\t<section class=\"elementor-section elementor-top-section elementor-element elementor-element-e72576b elementor-section-boxed elementor-section-height-default elementor-section-height-default\" data-id=\"e72576b\" data-element_type=\"section\">\n\t\t\t\t\t\t<div class=\"elementor-container elementor-column-gap-default\">\n\t\t\t\t\t<div class=\"elementor-column elementor-col-100 elementor-top-column elementor-element elementor-element-ad192b6 ph-box\" data-id=\"ad192b6\" data-element_type=\"column\" data-settings=\"{&quot;background_background&quot;:&quot;classic&quot;}\">\n\t\t\t<div class=\"elementor-widget-wrap elementor-element-populated\">\n\t\t\t\t\t\t<div class=\"elementor-element elementor-element-4115a6d elementor-widget elementor-widget-text-editor\" data-id=\"4115a6d\" data-element_type=\"widget\" data-widget_type=\"text-editor.default\">\n\t\t\t\t<div class=\"elementor-widget-container\">\n\t\t\t<style>\/*! elementor - v3.21.0 - 25-04-2024 *\/\n.elementor-widget-text-editor.elementor-drop-cap-view-stacked .elementor-drop-cap{background-color:#69727d;color:#fff}.elementor-widget-text-editor.elementor-drop-cap-view-framed .elementor-drop-cap{color:#69727d;border:3px solid;background-color:transparent}.elementor-widget-text-editor:not(.elementor-drop-cap-view-default) .elementor-drop-cap{margin-top:8px}.elementor-widget-text-editor:not(.elementor-drop-cap-view-default) .elementor-drop-cap-letter{width:1em;height:1em}.elementor-widget-text-editor .elementor-drop-cap{float:left;text-align:center;line-height:1;font-size:50px}.elementor-widget-text-editor .elementor-drop-cap-letter{display:inline-block}<\/style>\t\t\t\t<h5 class=\"pre-header font-hero\">TEAMBUILDINGY\u00b7VE\u010c\u00cdRKY SEMIN\u00c1\u0158E<\/h5><hr \/>\t\t\t\t\t\t<\/div>\n\t\t\t\t<\/div>\n\t\t\t\t<div class=\"elementor-element elementor-element-8434dad elementor-widget elementor-widget-text-editor\" data-id=\"8434dad\" data-element_type=\"widget\" data-widget_type=\"text-editor.default\">\n\t\t\t\t<div class=\"elementor-widget-container\">\n\t\t\t\t\t\t\t<p>Pokud hled\u00e1te zp\u016fsob, jak obohatit \u0161kolen\u00ed Va\u0161ich zam\u011bstnanc\u016f o odpo\u010dinkov\u00e9 nebo seberozvojov\u00e9 aktivity, r\u00e1di V\u00e1m p\u0159iprav\u00edme nab\u00eddku na m\u00edru. A\u0165 u\u017e pot\u0159ebujete raut, catering, teambuildingov\u00e9 aktivity nebo organizaci nezapomenuteln\u00e9ho firemn\u00edho ve\u010d\u00edrku, n\u00e1\u0161 hotel nedaleko Prahy je ide\u00e1ln\u00edm m\u00edstem pro Va\u0161e firemn\u00ed akce.<\/p><ul><li><p><strong>Soukrom\u00e9 prost\u0159ed\u00ed v p\u0159\u00edrod\u011b<\/strong>\u00a0\u2014 nikdo v\u00e1s neru\u0161\u00ed a vy neru\u0161\u00edte nikoho.<\/p><\/li><li><p><strong>Prostory a kapacity:<\/strong>\u00a0restaurace 36 m\u00edst (interi\u00e9r s krbem), terasa 50 m\u00edst s v\u00fdhledem na Vltavu.<\/p><\/li><li><p><strong>Ubytov\u00e1n\u00ed:<\/strong>\u00a012 dvoul\u016f\u017ekov\u00fdch pokoj\u016f z toho\u00a03 s\u00a0terasou, mo\u017enost ubytov\u00e1n\u00ed na\u00a0<strong>hausb\u00f3tu (4 l\u016f\u017eka)<\/strong>. Wi-Fi, v\u00fdtah, bezbari\u00e9rov\u00fd p\u0159\u00edstup.<\/p><\/li><li><p><strong>Technika:<\/strong>\u00a0projektor, flip chart, audiotechnika.<\/p><\/li><li><p><strong>Strava &amp; catering:<\/strong>\u00a0rauty dle p\u0159\u00e1n\u00ed, serv\u00edrovan\u00e9 menu, coffee breaky, hotelov\u00e1 sn\u00eddan\u011b. Restaurace s n\u00e1mo\u0159n\u00ed v\u00fdzdobou a v\u00fdhledem na \u0159eku.<\/p><\/li><li><p><strong>Programy &amp; aktivity v okol\u00ed:<\/strong>\u00a0\u0160irok\u00fd v\u00fdb\u011br programu v\u010detn\u011b tane\u010dn\u00edch \u010di hudebn\u00edch ve\u010der\u016f, degustace v\u00edna, plavby po Vltav\u011b (v sez\u00f3n\u011b) a dal\u0161\u00ed.<\/p><\/li><li><p>Hotel se nach\u00e1z\u00ed\u00a0<strong>30 minut z Prahy<\/strong>\u00a0na b\u0159ehu Vltavy<\/p><\/li><\/ul>\t\t\t\t\t\t<\/div>\n\t\t\t\t<\/div>\n\t\t\t\t<div class=\"elementor-element elementor-element-db5ee17 elementor-widget elementor-widget-text-editor\" data-id=\"db5ee17\" data-element_type=\"widget\" data-widget_type=\"text-editor.default\">\n\t\t\t\t<div class=\"elementor-widget-container\">\n\t\t\t\t\t\t\t<p>Kompletn\u00ed nab\u00eddku stravov\u00e1n\u00ed\u00a0<strong><a href=\"http:\/\/restaurace-mandat.cz\/en\/restaurace\/banketova-nabidka\/\">naleznete zde<\/a>.<\/strong><\/p>\t\t\t\t\t\t<\/div>\n\t\t\t\t<\/div>\n\t\t\t\t<div class=\"elementor-element elementor-element-aaf30a7 elementor-align-center elementor-widget elementor-widget-button\" data-id=\"aaf30a7\" data-element_type=\"widget\" data-widget_type=\"button.default\">\n\t\t\t\t<div class=\"elementor-widget-container\">\n\t\t\t\t\t<div class=\"elementor-button-wrapper\">\n\t\t\t<a class=\"elementor-button elementor-size-sm\" role=\"button\">\n\t\t\t\t\t\t<span class=\"elementor-button-content-wrapper\">\n\t\t\t\t\t\t\t\t\t<span class=\"elementor-button-text\">Doprovodn\u00fd program a aktivity<\/span>\n\t\t\t\t\t<\/span>\n\t\t\t\t\t<\/a>\n\t\t<\/div>\n\t\t\t\t<\/div>\n\t\t\t\t<\/div>\n\t\t\t\t\t<\/div>\n\t\t<\/div>\n\t\t\t\t\t<\/div>\n\t\t<\/section>\n\t\t\t\t<section class=\"elementor-section elementor-top-section elementor-element elementor-element-a5be6c5 elementor-section-boxed elementor-section-height-default elementor-section-height-default\" data-id=\"a5be6c5\" data-element_type=\"section\">\n\t\t\t\t\t\t<div class=\"elementor-container elementor-column-gap-default\">\n\t\t\t\t\t<div class=\"elementor-column elementor-col-100 elementor-top-column elementor-element elementor-element-7033c9b content-box\" data-id=\"7033c9b\" data-element_type=\"column\">\n\t\t\t<div class=\"elementor-widget-wrap elementor-element-populated\">\n\t\t\t\t\t\t<section class=\"elementor-section elementor-inner-section elementor-element elementor-element-39396e9 elementor-section-boxed elementor-section-height-default elementor-section-height-default\" data-id=\"39396e9\" data-element_type=\"section\">\n\t\t\t\t\t\t<div class=\"elementor-container elementor-column-gap-default\">\n\t\t\t\t\t<div class=\"elementor-column elementor-col-50 elementor-inner-column elementor-element elementor-element-5a314a2 text-box-left text-box\" data-id=\"5a314a2\" data-element_type=\"column\">\n\t\t\t<div class=\"elementor-widget-wrap elementor-element-populated\">\n\t\t\t\t\t\t<div class=\"elementor-element elementor-element-d84a477 text-box elementor-widget__width-initial elementor-widget elementor-widget-text-editor\" data-id=\"d84a477\" data-element_type=\"widget\" data-widget_type=\"text-editor.default\">\n\t\t\t\t<div class=\"elementor-widget-container\">\n\t\t\t\t\t\t\t<div class=\"pre-header font-hero\">Company training, meetings, seminars<\/div><hr \/><p>U n\u00e1s zajist\u00edme kompletn\u00ed organizaci firemn\u00edch akc\u00ed, od pohodln\u00e9ho ubytov\u00e1n\u00ed, kvalitn\u00edho stravov\u00e1n\u00ed v na\u0161\u00ed restauraci a\u017e po realizaci vlastn\u00edho programu. Nev\u00e1hejte n\u00e1s kontaktovat, r\u00e1di V\u00e1m p\u0159iprav\u00edme nab\u00eddku slu\u017eeb na m\u00edru, podle Va\u0161ich po\u017eadavk\u016f <br \/>a rozpo\u010dtu, bez zbyte\u010dn\u00fdch starost\u00ed. N\u00e1\u0161 zku\u0161en\u00fd t\u00fdm se postar\u00e1 <br \/>o v\u0161echny detaily, abyste si mohli firemn\u00ed akci naplno u\u017e\u00edt.<\/p>\t\t\t\t\t\t<\/div>\n\t\t\t\t<\/div>\n\t\t\t\t\t<\/div>\n\t\t<\/div>\n\t\t\t\t<div class=\"elementor-column elementor-col-50 elementor-inner-column elementor-element elementor-element-5b78c9b\" data-id=\"5b78c9b\" data-element_type=\"column\">\n\t\t\t<div class=\"elementor-widget-wrap elementor-element-populated\">\n\t\t\t\t\t\t<div class=\"elementor-element elementor-element-064b930 elementor-widget elementor-widget-image\" data-id=\"064b930\" data-element_type=\"widget\" data-widget_type=\"image.default\">\n\t\t\t\t<div class=\"elementor-widget-container\">\n\t\t\t<style>\/*! elementor - v3.21.0 - 25-04-2024 *\/\n.elementor-widget-image{text-align:center}.elementor-widget-image a{display:inline-block}.elementor-widget-image a img[src$=\".svg\"]{width:48px}.elementor-widget-image img{vertical-align:middle;display:inline-block}<\/style>\t\t\t\t\t\t\t\t\t\t<img fetchpriority=\"high\" decoding=\"async\" width=\"800\" height=\"534\" src=\"https:\/\/restaurace-mandat.cz\/wp-content\/uploads\/2025\/06\/restaurace_3-2.jpg\" class=\"attachment-large size-large wp-image-3136\" alt=\"\" srcset=\"https:\/\/restaurace-mandat.cz\/wp-content\/uploads\/2025\/06\/restaurace_3-2.jpg 1024w, https:\/\/restaurace-mandat.cz\/wp-content\/uploads\/2025\/06\/restaurace_3-2-300x200.jpg 300w, https:\/\/restaurace-mandat.cz\/wp-content\/uploads\/2025\/06\/restaurace_3-2-768x512.jpg 768w, https:\/\/restaurace-mandat.cz\/wp-content\/uploads\/2025\/06\/restaurace_3-2-18x12.jpg 18w\" sizes=\"(max-width: 800px) 100vw, 800px\" \/>\t\t\t\t\t\t\t\t\t\t\t\t\t<\/div>\n\t\t\t\t<\/div>\n\t\t\t\t\t<\/div>\n\t\t<\/div>\n\t\t\t\t\t<\/div>\n\t\t<\/section>\n\t\t\t\t\t<\/div>\n\t\t<\/div>\n\t\t\t\t\t<\/div>\n\t\t<\/section>\n\t\t\t\t<section class=\"elementor-section elementor-top-section elementor-element elementor-element-efd2e29 elementor-section-boxed elementor-section-height-default elementor-section-height-default\" data-id=\"efd2e29\" data-element_type=\"section\">\n\t\t\t\t\t\t<div class=\"elementor-container elementor-column-gap-default\">\n\t\t\t\t\t<div class=\"elementor-column elementor-col-100 elementor-top-column elementor-element elementor-element-aa31a9c content-box\" data-id=\"aa31a9c\" data-element_type=\"column\">\n\t\t\t<div class=\"elementor-widget-wrap elementor-element-populated\">\n\t\t\t\t\t\t<section class=\"elementor-section elementor-inner-section elementor-element elementor-element-2c8e1cd elementor-section-boxed elementor-section-height-default elementor-section-height-default\" data-id=\"2c8e1cd\" data-element_type=\"section\">\n\t\t\t\t\t\t<div class=\"elementor-container elementor-column-gap-default\">\n\t\t\t\t\t<div class=\"elementor-column elementor-col-50 elementor-inner-column elementor-element elementor-element-f1a668e text-box-left text-box\" data-id=\"f1a668e\" data-element_type=\"column\">\n\t\t\t<div class=\"elementor-widget-wrap elementor-element-populated\">\n\t\t\t\t\t\t<div class=\"elementor-element elementor-element-7218995 text-box elementor-widget__width-initial elementor-widget elementor-widget-text-editor\" data-id=\"7218995\" data-element_type=\"widget\" data-widget_type=\"text-editor.default\">\n\t\t\t\t<div class=\"elementor-widget-container\">\n\t\t\t\t\t\t\t<div class=\"pre-header font-hero\">Doprovodn\u00fd program<\/div><hr \/><ul><li class=\"\" data-start=\"21\" data-end=\"41\"><p class=\"\" data-start=\"23\" data-end=\"41\">\u017div\u00e1 hudba nebo DJ<\/p><\/li><li class=\"\" data-start=\"42\" data-end=\"62\"><p class=\"\" data-start=\"44\" data-end=\"62\">Outdoor barbecue<\/p><\/li><li class=\"\" data-start=\"63\" data-end=\"78\"><p class=\"\" data-start=\"65\" data-end=\"78\">Boat rental<\/p><\/li><li class=\"\" data-start=\"79\" data-end=\"92\"><p class=\"\" data-start=\"81\" data-end=\"92\">Fish Catching<\/p><\/li><li class=\"\" data-start=\"93\" data-end=\"108\"><p class=\"\" data-start=\"95\" data-end=\"108\">Wine degustation<\/p><\/li><li class=\"\" data-start=\"109\" data-end=\"125\"><p class=\"\" data-start=\"111\" data-end=\"125\">Muzikorelaxace<\/p><\/li><li class=\"\" data-start=\"126\" data-end=\"159\"><p class=\"\" data-start=\"128\" data-end=\"159\">Tane\u010dn\u00ed ve\u010dery r\u016fzn\u00e9ho zam\u011b\u0159en\u00ed<\/p><\/li><li class=\"\" data-start=\"126\" data-end=\"159\"><p class=\"\" data-start=\"128\" data-end=\"159\">A mnoho dal\u0161\u00edho&#8230;<\/p><\/li><\/ul><p><a href=\"https:\/\/restaurace-mandat.cz\/en\/restaurace\/doprovodny-program\/\">Dal\u0161\u00ed mo\u017enosti a naleznete zde<\/a><\/p>\t\t\t\t\t\t<\/div>\n\t\t\t\t<\/div>\n\t\t\t\t\t<\/div>\n\t\t<\/div>\n\t\t\t\t<div class=\"elementor-column elementor-col-50 elementor-inner-column elementor-element elementor-element-eaa162d\" data-id=\"eaa162d\" data-element_type=\"column\">\n\t\t\t<div class=\"elementor-widget-wrap elementor-element-populated\">\n\t\t\t\t\t\t<div class=\"elementor-element elementor-element-b082f05 elementor-widget elementor-widget-image\" data-id=\"b082f05\" data-element_type=\"widget\" data-widget_type=\"image.default\">\n\t\t\t\t<div class=\"elementor-widget-container\">\n\t\t\t\t\t\t\t\t\t\t\t\t\t<img decoding=\"async\" src=\"https:\/\/restaurace-mandat.cz\/wp-content\/uploads\/2024\/04\/Hausbot.jpg\" title=\"Hausbot\" alt=\"Hausbot\" loading=\"lazy\" \/>\t\t\t\t\t\t\t\t\t\t\t\t\t<\/div>\n\t\t\t\t<\/div>\n\t\t\t\t\t<\/div>\n\t\t<\/div>\n\t\t\t\t\t<\/div>\n\t\t<\/section>\n\t\t\t\t\t<\/div>\n\t\t<\/div>\n\t\t\t\t\t<\/div>\n\t\t<\/section>\n\t\t\t\t<section class=\"elementor-section elementor-top-section elementor-element elementor-element-06e1977 elementor-section-boxed elementor-section-height-default elementor-section-height-default\" data-id=\"06e1977\" data-element_type=\"section\">\n\t\t\t\t\t\t<div class=\"elementor-container elementor-column-gap-default\">\n\t\t\t\t\t<div class=\"elementor-column elementor-col-100 elementor-top-column elementor-element elementor-element-9be7266\" data-id=\"9be7266\" data-element_type=\"column\" data-settings=\"{&quot;background_background&quot;:&quot;classic&quot;}\">\n\t\t\t<div class=\"elementor-widget-wrap elementor-element-populated\">\n\t\t\t\t\t\t<section class=\"elementor-section elementor-inner-section elementor-element elementor-element-8089586 content-box elementor-section-boxed elementor-section-height-default elementor-section-height-default\" data-id=\"8089586\" data-element_type=\"section\">\n\t\t\t\t\t\t<div class=\"elementor-container elementor-column-gap-default\">\n\t\t\t\t\t<div class=\"elementor-column elementor-col-50 elementor-inner-column elementor-element elementor-element-56dd629\" data-id=\"56dd629\" data-element_type=\"column\">\n\t\t\t<div class=\"elementor-widget-wrap elementor-element-populated\">\n\t\t\t\t\t\t<div class=\"elementor-element elementor-element-000aeda elementor-widget elementor-widget-image\" data-id=\"000aeda\" data-element_type=\"widget\" data-widget_type=\"image.default\">\n\t\t\t\t<div class=\"elementor-widget-container\">\n\t\t\t\t\t\t\t\t\t\t\t\t\t<img decoding=\"async\" width=\"1024\" height=\"683\" src=\"https:\/\/restaurace-mandat.cz\/wp-content\/uploads\/2024\/04\/Hausbot.jpg\" class=\"attachment-2048x2048 size-2048x2048 wp-image-2252\" alt=\"\" srcset=\"https:\/\/restaurace-mandat.cz\/wp-content\/uploads\/2024\/04\/Hausbot.jpg 1024w, https:\/\/restaurace-mandat.cz\/wp-content\/uploads\/2024\/04\/Hausbot-300x200.jpg 300w, https:\/\/restaurace-mandat.cz\/wp-content\/uploads\/2024\/04\/Hausbot-768x512.jpg 768w, https:\/\/restaurace-mandat.cz\/wp-content\/uploads\/2024\/04\/Hausbot-18x12.jpg 18w\" sizes=\"(max-width: 1024px) 100vw, 1024px\" \/>\t\t\t\t\t\t\t\t\t\t\t\t\t<\/div>\n\t\t\t\t<\/div>\n\t\t\t\t\t<\/div>\n\t\t<\/div>\n\t\t\t\t<div class=\"elementor-column elementor-col-50 elementor-inner-column elementor-element elementor-element-73bfedc text-box-right text-box\" data-id=\"73bfedc\" data-element_type=\"column\">\n\t\t\t<div class=\"elementor-widget-wrap elementor-element-populated\">\n\t\t\t\t\t\t<div class=\"elementor-element elementor-element-fd8af78 text-box elementor-widget__width-initial elementor-widget elementor-widget-text-editor\" data-id=\"fd8af78\" data-element_type=\"widget\" data-widget_type=\"text-editor.default\">\n\t\t\t\t<div class=\"elementor-widget-container\">\n\t\t\t\t\t\t\t<div class=\"pre-header font-hero\">Dal\u0161\u00ed aktivity v okol\u00ed<\/div><hr \/><p class=\"\" data-start=\"27\" data-end=\"48\">V bl\u00edzk\u00e9m okol\u00ed hotelu je mo\u017en\u00e1 za\u017e\u00edt i r\u016fzn\u00e1 dal\u0161\u00ed dobrodru\u017estv\u00ed, jako jsou:<\/p><ul><li>Paintball &#8211; h\u0159i\u0161t\u011b se rozkl\u00e1d\u00e1 na plo\u0161e 24 000 m2.<\/li><li>Lanov\u00fd park pobl\u00ed\u017e slapsk\u00e9 vodn\u00ed n\u00e1dr\u017ee &#8211; nab\u00edz celkem 7 tras.<\/li><li>TEPfactor &#8211; unik\u00e1tn\u00ed t\u00fdmov\u00e1 hra.<\/li><li>Golf Park \u2013 vylep\u0161en\u00ed stylu \u010di ochutn\u00e1vkov\u00e9 odpoledne s cel\u00fdm t\u00fdmem.<\/li><\/ul><p>\u00a0<\/p><p style=\"text-align: center;\"><a href=\"http:\/\/restaurace-mandat.cz\/en\/aktivity\/\">Zde najdete v\u0161echny aktivity a v\u00fdlety v okol\u00ed<\/a><\/p>\t\t\t\t\t\t<\/div>\n\t\t\t\t<\/div>\n\t\t\t\t\t<\/div>\n\t\t<\/div>\n\t\t\t\t\t<\/div>\n\t\t<\/section>\n\t\t\t\t\t<\/div>\n\t\t<\/div>\n\t\t\t\t\t<\/div>\n\t\t<\/section>\n\t\t\t\t<section class=\"elementor-section elementor-top-section elementor-element elementor-element-ab8aded elementor-section-boxed elementor-section-height-default elementor-section-height-default\" data-id=\"ab8aded\" data-element_type=\"section\">\n\t\t\t\t\t\t\t<div class=\"elementor-background-overlay\"><\/div>\n\t\t\t\t\t\t\t<div class=\"elementor-container elementor-column-gap-default\">\n\t\t\t\t\t<div class=\"elementor-column elementor-col-100 elementor-top-column elementor-element elementor-element-0723d9a ph-box\" data-id=\"0723d9a\" data-element_type=\"column\" data-settings=\"{&quot;background_background&quot;:&quot;classic&quot;}\">\n\t\t\t<div class=\"elementor-widget-wrap elementor-element-populated\">\n\t\t\t\t\t\t<div class=\"elementor-element elementor-element-44f755d elementor-widget elementor-widget-text-editor\" data-id=\"44f755d\" data-element_type=\"widget\" data-widget_type=\"text-editor.default\">\n\t\t\t\t<div class=\"elementor-widget-container\">\n\t\t\t\t\t\t\t<div class=\"pre-header font-hero\">R\u00e1di pro V\u00e1s p\u0159iprav\u00edme nab\u00eddku na m\u00edru<\/div><hr \/>\t\t\t\t\t\t<\/div>\n\t\t\t\t<\/div>\n\t\t\t\t<div class=\"elementor-element elementor-element-6cbd225 elementor-widget__width-initial elementor-widget elementor-widget-text-editor\" data-id=\"6cbd225\" data-element_type=\"widget\" data-widget_type=\"text-editor.default\">\n\t\t\t\t<div class=\"elementor-widget-container\">\n\t\t\t\t\t\t\t<p>V p\u0159\u00edpad\u011b z\u00e1jmu o v\u00edce informac\u00ed a individu\u00e1ln\u00ed nab\u00eddku, nev\u00e1hejte n\u00e1s kontaktovat na e-mailu <a href=\"mailto:info@hotel-mandat.cz\">info@hotel-mandat.cz <\/a><br \/>nebo tel. \u010d\u00edsle\u00a0+420 604 379 147.<\/p>\t\t\t\t\t\t<\/div>\n\t\t\t\t<\/div>\n\t\t\t\t\t<\/div>\n\t\t<\/div>\n\t\t\t\t\t<\/div>\n\t\t<\/section>\n\t\t\t\t<\/div>","protected":false},"excerpt":{"rendered":"<p>TEAMBUILDINGY\u00b7VE\u010c\u00cdRKY SEMIN\u00c1\u0158E Pokud hled\u00e1te zp\u016fsob, jak obohatit \u0161kolen\u00ed Va\u0161ich zam\u011bstnanc\u016f o odpo\u010dinkov\u00e9 nebo seberozvojov\u00e9 aktivity, r\u00e1di V\u00e1m p\u0159iprav\u00edme nab\u00eddku na m\u00edru. A\u0165 u\u017e pot\u0159ebujete raut, catering, teambuildingov\u00e9 aktivity nebo organizaci nezapomenuteln\u00e9ho firemn\u00edho ve\u010d\u00edrku, n\u00e1\u0161 hotel nedaleko Prahy je ide\u00e1ln\u00edm m\u00edstem pro Va\u0161e firemn\u00ed akce. Soukrom\u00e9 prost\u0159ed\u00ed v p\u0159\u00edrod\u011b\u00a0\u2014 nikdo v\u00e1s neru\u0161\u00ed a vy neru\u0161\u00edte nikoho. [&hellip;]<\/p>","protected":false},"author":1,"featured_media":0,"parent":0,"menu_order":0,"comment_status":"closed","ping_status":"closed","template":"","meta":{"_acf_changed":false,"ngg_post_thumbnail":0,"footnotes":""},"class_list":["post-1386","page","type-page","status-publish","hentry"],"acf":[],"_links":{"self":[{"href":"http:\/\/restaurace-mandat.cz\/en\/wp-json\/wp\/v2\/pages\/1386","targetHints":{"allow":["GET"]}}],"collection":[{"href":"http:\/\/restaurace-mandat.cz\/en\/wp-json\/wp\/v2\/pages"}],"about":[{"href":"http:\/\/restaurace-mandat.cz\/en\/wp-json\/wp\/v2\/types\/page"}],"author":[{"embeddable":true,"href":"http:\/\/restaurace-mandat.cz\/en\/wp-json\/wp\/v2\/users\/1"}],"replies":[{"embeddable":true,"href":"http:\/\/restaurace-mandat.cz\/en\/wp-json\/wp\/v2\/comments?post=1386"}],"version-history":[{"count":202,"href":"http:\/\/restaurace-mandat.cz\/en\/wp-json\/wp\/v2\/pages\/1386\/revisions"}],"predecessor-version":[{"id":3470,"href":"http:\/\/restaurace-mandat.cz\/en\/wp-json\/wp\/v2\/pages\/1386\/revisions\/3470"}],"wp:attachment":[{"href":"http:\/\/restaurace-mandat.cz\/en\/wp-json\/wp\/v2\/media?parent=1386"}],"curies":[{"name":"wp","href":"https:\/\/api.w.org\/{rel}","templated":true}]}}