{"id":22,"date":"2023-04-18T15:27:31","date_gmt":"2023-04-18T13:27:31","guid":{"rendered":"http:\/\/restaurace-mandat.cz\/?page_id=22"},"modified":"2026-04-02T20:53:25","modified_gmt":"2026-04-02T18:53:25","slug":"koncerty","status":"publish","type":"page","link":"https:\/\/restaurace-mandat.cz\/en\/koncerty\/","title":{"rendered":"KONCERTY"},"content":{"rendered":"<div data-elementor-type=\"wp-page\" data-elementor-id=\"22\" class=\"elementor elementor-22\">\n\t\t\t\t\t\t<section class=\"elementor-section elementor-top-section elementor-element elementor-element-1ff416d elementor-section-boxed elementor-section-height-default elementor-section-height-default\" data-id=\"1ff416d\" data-element_type=\"section\" data-settings=\"{&quot;background_background&quot;:&quot;classic&quot;}\">\n\t\t\t\t\t\t<div class=\"elementor-container elementor-column-gap-default\">\n\t\t\t\t\t<div class=\"elementor-column elementor-col-100 elementor-top-column elementor-element elementor-element-85454a6 ph-box\" data-id=\"85454a6\" data-element_type=\"column\" data-settings=\"{&quot;background_background&quot;:&quot;classic&quot;}\">\n\t\t\t<div class=\"elementor-widget-wrap elementor-element-populated\">\n\t\t\t\t\t\t<div class=\"elementor-element elementor-element-c066eeb elementor-widget elementor-widget-text-editor\" data-id=\"c066eeb\" data-element_type=\"widget\" data-widget_type=\"text-editor.default\">\n\t\t\t\t<div class=\"elementor-widget-container\">\n\t\t\t<style>\/*! elementor - v3.21.0 - 25-04-2024 *\/\n.elementor-widget-text-editor.elementor-drop-cap-view-stacked .elementor-drop-cap{background-color:#69727d;color:#fff}.elementor-widget-text-editor.elementor-drop-cap-view-framed .elementor-drop-cap{color:#69727d;border:3px solid;background-color:transparent}.elementor-widget-text-editor:not(.elementor-drop-cap-view-default) .elementor-drop-cap{margin-top:8px}.elementor-widget-text-editor:not(.elementor-drop-cap-view-default) .elementor-drop-cap-letter{width:1em;height:1em}.elementor-widget-text-editor .elementor-drop-cap{float:left;text-align:center;line-height:1;font-size:50px}.elementor-widget-text-editor .elementor-drop-cap-letter{display:inline-block}<\/style>\t\t\t\t<p>KONCERTY A AKCE<\/p><hr \/>\t\t\t\t\t\t<\/div>\n\t\t\t\t<\/div>\n\t\t\t\t<div class=\"elementor-element elementor-element-07963ea elementor-widget elementor-widget-text-editor\" data-id=\"07963ea\" data-element_type=\"widget\" data-widget_type=\"text-editor.default\">\n\t\t\t\t<div class=\"elementor-widget-container\">\n\t\t\t\t\t\t\t<p>Pravideln\u011b u n\u00e1s po\u0159\u00e1d\u00e1me koncerty r\u016fzn\u00fdch interpret\u016f. \u010cesk\u00e9, italsk\u00e9, latinskoamerick\u00e9&#8230; u n\u00e1s si ka\u017ed\u00fd najde to svoje. Ke kr\u00e1sn\u00e9 hudb\u011b si m\u016f\u017eete vychutnat na\u0161\u00ed poctivou italskou kuchyni, v\u00fdb\u011br z al\u017e\u00edrsk\u00fdch a italsk\u00fdch v\u00edn nebo t\u0159eba \u010depovanou Plze\u0148. Nab\u00edz\u00edme ze \u0160t\u011bchovic a Hradi\u0161tka odvoz tam i zp\u011bt zdarma, abyste si mohli ve\u010der u\u017e\u00edt naplno. Nebo m\u016f\u017eete vyu\u017e\u00edt n\u00e1\u0161 hotel k p\u0159espan\u00ed s v\u00fdbornou sn\u00eddan\u00ed.<\/p>\t\t\t\t\t\t<\/div>\n\t\t\t\t<\/div>\n\t\t\t\t<div class=\"elementor-element elementor-element-1874450 elementor-widget-divider--view-line elementor-widget elementor-widget-divider\" data-id=\"1874450\" data-element_type=\"widget\" data-widget_type=\"divider.default\">\n\t\t\t\t<div class=\"elementor-widget-container\">\n\t\t\t<style>\/*! elementor - v3.21.0 - 25-04-2024 *\/\n.elementor-widget-divider{--divider-border-style:none;--divider-border-width:1px;--divider-color:#0c0d0e;--divider-icon-size:20px;--divider-element-spacing:10px;--divider-pattern-height:24px;--divider-pattern-size:20px;--divider-pattern-url:none;--divider-pattern-repeat:repeat-x}.elementor-widget-divider .elementor-divider{display:flex}.elementor-widget-divider .elementor-divider__text{font-size:15px;line-height:1;max-width:95%}.elementor-widget-divider .elementor-divider__element{margin:0 var(--divider-element-spacing);flex-shrink:0}.elementor-widget-divider .elementor-icon{font-size:var(--divider-icon-size)}.elementor-widget-divider .elementor-divider-separator{display:flex;margin:0;direction:ltr}.elementor-widget-divider--view-line_icon .elementor-divider-separator,.elementor-widget-divider--view-line_text .elementor-divider-separator{align-items:center}.elementor-widget-divider--view-line_icon .elementor-divider-separator:after,.elementor-widget-divider--view-line_icon .elementor-divider-separator:before,.elementor-widget-divider--view-line_text .elementor-divider-separator:after,.elementor-widget-divider--view-line_text .elementor-divider-separator:before{display:block;content:\"\";border-block-end:0;flex-grow:1;border-block-start:var(--divider-border-width) var(--divider-border-style) var(--divider-color)}.elementor-widget-divider--element-align-left .elementor-divider .elementor-divider-separator>.elementor-divider__svg:first-of-type{flex-grow:0;flex-shrink:100}.elementor-widget-divider--element-align-left .elementor-divider-separator:before{content:none}.elementor-widget-divider--element-align-left .elementor-divider__element{margin-left:0}.elementor-widget-divider--element-align-right .elementor-divider .elementor-divider-separator>.elementor-divider__svg:last-of-type{flex-grow:0;flex-shrink:100}.elementor-widget-divider--element-align-right .elementor-divider-separator:after{content:none}.elementor-widget-divider--element-align-right .elementor-divider__element{margin-right:0}.elementor-widget-divider--element-align-start .elementor-divider .elementor-divider-separator>.elementor-divider__svg:first-of-type{flex-grow:0;flex-shrink:100}.elementor-widget-divider--element-align-start .elementor-divider-separator:before{content:none}.elementor-widget-divider--element-align-start .elementor-divider__element{margin-inline-start:0}.elementor-widget-divider--element-align-end .elementor-divider .elementor-divider-separator>.elementor-divider__svg:last-of-type{flex-grow:0;flex-shrink:100}.elementor-widget-divider--element-align-end .elementor-divider-separator:after{content:none}.elementor-widget-divider--element-align-end .elementor-divider__element{margin-inline-end:0}.elementor-widget-divider:not(.elementor-widget-divider--view-line_text):not(.elementor-widget-divider--view-line_icon) .elementor-divider-separator{border-block-start:var(--divider-border-width) var(--divider-border-style) var(--divider-color)}.elementor-widget-divider--separator-type-pattern{--divider-border-style:none}.elementor-widget-divider--separator-type-pattern.elementor-widget-divider--view-line .elementor-divider-separator,.elementor-widget-divider--separator-type-pattern:not(.elementor-widget-divider--view-line) .elementor-divider-separator:after,.elementor-widget-divider--separator-type-pattern:not(.elementor-widget-divider--view-line) .elementor-divider-separator:before,.elementor-widget-divider--separator-type-pattern:not([class*=elementor-widget-divider--view]) .elementor-divider-separator{width:100%;min-height:var(--divider-pattern-height);-webkit-mask-size:var(--divider-pattern-size) 100%;mask-size:var(--divider-pattern-size) 100%;-webkit-mask-repeat:var(--divider-pattern-repeat);mask-repeat:var(--divider-pattern-repeat);background-color:var(--divider-color);-webkit-mask-image:var(--divider-pattern-url);mask-image:var(--divider-pattern-url)}.elementor-widget-divider--no-spacing{--divider-pattern-size:auto}.elementor-widget-divider--bg-round{--divider-pattern-repeat:round}.rtl .elementor-widget-divider .elementor-divider__text{direction:rtl}.e-con-inner>.elementor-widget-divider,.e-con>.elementor-widget-divider{width:var(--container-widget-width,100%);--flex-grow:var(--container-widget-flex-grow)}<\/style>\t\t<div class=\"elementor-divider\">\n\t\t\t<span class=\"elementor-divider-separator\">\n\t\t\t\t\t\t<\/span>\n\t\t<\/div>\n\t\t\t\t<\/div>\n\t\t\t\t<\/div>\n\t\t\t\t<div class=\"elementor-element elementor-element-e08316c text-box elementor-widget elementor-widget-text-editor\" data-id=\"e08316c\" data-element_type=\"widget\" data-widget_type=\"text-editor.default\">\n\t\t\t\t<div class=\"elementor-widget-container\">\n\t\t\t\t\t\t\t<h2 class=\"font-main-bold\" style=\"text-align: center;\"><b>PL\u00c1NOVAN\u00c9 AKCE<\/b><\/h2>\t\t\t\t\t\t<\/div>\n\t\t\t\t<\/div>\n\t\t\t\t<div class=\"elementor-element elementor-element-bba389f elementor-widget elementor-widget-image\" data-id=\"bba389f\" data-element_type=\"widget\" data-widget_type=\"image.default\">\n\t\t\t\t<div class=\"elementor-widget-container\">\n\t\t\t<style>\/*! elementor - v3.21.0 - 25-04-2024 *\/\n.elementor-widget-image{text-align:center}.elementor-widget-image a{display:inline-block}.elementor-widget-image a img[src$=\".svg\"]{width:48px}.elementor-widget-image img{vertical-align:middle;display:inline-block}<\/style>\t\t\t\t\t\t\t\t\t\t<img fetchpriority=\"high\" decoding=\"async\" width=\"724\" height=\"1024\" src=\"https:\/\/restaurace-mandat.cz\/wp-content\/uploads\/2026\/04\/KALENDAR-AKCI-2-724x1024.png\" class=\"attachment-large size-large wp-image-3579\" alt=\"\" srcset=\"https:\/\/restaurace-mandat.cz\/wp-content\/uploads\/2026\/04\/KALENDAR-AKCI-2-724x1024.png 724w, https:\/\/restaurace-mandat.cz\/wp-content\/uploads\/2026\/04\/KALENDAR-AKCI-2-212x300.png 212w, https:\/\/restaurace-mandat.cz\/wp-content\/uploads\/2026\/04\/KALENDAR-AKCI-2-768x1086.png 768w, https:\/\/restaurace-mandat.cz\/wp-content\/uploads\/2026\/04\/KALENDAR-AKCI-2-1086x1536.png 1086w, https:\/\/restaurace-mandat.cz\/wp-content\/uploads\/2026\/04\/KALENDAR-AKCI-2-8x12.png 8w, https:\/\/restaurace-mandat.cz\/wp-content\/uploads\/2026\/04\/KALENDAR-AKCI-2.png 1414w\" sizes=\"(max-width: 724px) 100vw, 724px\" \/>\t\t\t\t\t\t\t\t\t\t\t\t\t<\/div>\n\t\t\t\t<\/div>\n\t\t\t\t<div class=\"elementor-element elementor-element-7a5d763 elementor-widget elementor-widget-spacer\" data-id=\"7a5d763\" data-element_type=\"widget\" data-widget_type=\"spacer.default\">\n\t\t\t\t<div class=\"elementor-widget-container\">\n\t\t\t<style>\/*! elementor - v3.21.0 - 25-04-2024 *\/\n.elementor-column .elementor-spacer-inner{height:var(--spacer-size)}.e-con{--container-widget-width:100%}.e-con-inner>.elementor-widget-spacer,.e-con>.elementor-widget-spacer{width:var(--container-widget-width,var(--spacer-size));--align-self:var(--container-widget-align-self,initial);--flex-shrink:0}.e-con-inner>.elementor-widget-spacer>.elementor-widget-container,.e-con>.elementor-widget-spacer>.elementor-widget-container{height:100%;width:100%}.e-con-inner>.elementor-widget-spacer>.elementor-widget-container>.elementor-spacer,.e-con>.elementor-widget-spacer>.elementor-widget-container>.elementor-spacer{height:100%}.e-con-inner>.elementor-widget-spacer>.elementor-widget-container>.elementor-spacer>.elementor-spacer-inner,.e-con>.elementor-widget-spacer>.elementor-widget-container>.elementor-spacer>.elementor-spacer-inner{height:var(--container-widget-height,var(--spacer-size))}.e-con-inner>.elementor-widget-spacer.elementor-widget-empty,.e-con>.elementor-widget-spacer.elementor-widget-empty{position:relative;min-height:22px;min-width:22px}.e-con-inner>.elementor-widget-spacer.elementor-widget-empty .elementor-widget-empty-icon,.e-con>.elementor-widget-spacer.elementor-widget-empty .elementor-widget-empty-icon{position:absolute;top:0;bottom:0;left:0;right:0;margin:auto;padding:0;width:22px;height:22px}<\/style>\t\t<div class=\"elementor-spacer\">\n\t\t\t<div class=\"elementor-spacer-inner\"><\/div>\n\t\t<\/div>\n\t\t\t\t<\/div>\n\t\t\t\t<\/div>\n\t\t\t\t<div class=\"elementor-element elementor-element-f2784a7 elementor-widget-divider--view-line elementor-widget elementor-widget-divider\" data-id=\"f2784a7\" data-element_type=\"widget\" data-widget_type=\"divider.default\">\n\t\t\t\t<div class=\"elementor-widget-container\">\n\t\t\t\t\t<div class=\"elementor-divider\">\n\t\t\t<span class=\"elementor-divider-separator\">\n\t\t\t\t\t\t<\/span>\n\t\t<\/div>\n\t\t\t\t<\/div>\n\t\t\t\t<\/div>\n\t\t\t\t<div class=\"elementor-element elementor-element-8664758 text-box elementor-widget elementor-widget-text-editor\" data-id=\"8664758\" data-element_type=\"widget\" data-widget_type=\"text-editor.default\">\n\t\t\t\t<div class=\"elementor-widget-container\">\n\t\t\t\t\t\t\t<h2 class=\"font-main-bold\" style=\"text-align: center;\"><b>PROB\u011aHL\u00c9 AKCE<\/b><\/h2>\t\t\t\t\t\t<\/div>\n\t\t\t\t<\/div>\n\t\t\t\t<div class=\"elementor-element elementor-element-adb7adc elementor-widget elementor-widget-image\" data-id=\"adb7adc\" data-element_type=\"widget\" data-widget_type=\"image.default\">\n\t\t\t\t<div class=\"elementor-widget-container\">\n\t\t\t\t\t\t\t\t\t\t\t\t\t<img decoding=\"async\" width=\"724\" height=\"1024\" src=\"https:\/\/restaurace-mandat.cz\/wp-content\/uploads\/2026\/03\/Sundak-724x1024.png\" class=\"attachment-large size-large wp-image-3573\" alt=\"\" srcset=\"https:\/\/restaurace-mandat.cz\/wp-content\/uploads\/2026\/03\/Sundak-724x1024.png 724w, https:\/\/restaurace-mandat.cz\/wp-content\/uploads\/2026\/03\/Sundak-212x300.png 212w, https:\/\/restaurace-mandat.cz\/wp-content\/uploads\/2026\/03\/Sundak-768x1086.png 768w, https:\/\/restaurace-mandat.cz\/wp-content\/uploads\/2026\/03\/Sundak-1086x1536.png 1086w, https:\/\/restaurace-mandat.cz\/wp-content\/uploads\/2026\/03\/Sundak-8x12.png 8w, https:\/\/restaurace-mandat.cz\/wp-content\/uploads\/2026\/03\/Sundak.png 1414w\" sizes=\"(max-width: 724px) 100vw, 724px\" \/>\t\t\t\t\t\t\t\t\t\t\t\t\t<\/div>\n\t\t\t\t<\/div>\n\t\t\t\t<div class=\"elementor-element elementor-element-abe77f9 elementor-widget elementor-widget-image\" data-id=\"abe77f9\" data-element_type=\"widget\" data-widget_type=\"image.default\">\n\t\t\t\t<div class=\"elementor-widget-container\">\n\t\t\t\t\t\t\t\t\t\t\t\t\t<img decoding=\"async\" width=\"724\" height=\"1024\" src=\"https:\/\/restaurace-mandat.cz\/wp-content\/uploads\/2026\/03\/Italsky-vecer-724x1024.png\" class=\"attachment-large size-large wp-image-3569\" alt=\"\" srcset=\"https:\/\/restaurace-mandat.cz\/wp-content\/uploads\/2026\/03\/Italsky-vecer-724x1024.png 724w, https:\/\/restaurace-mandat.cz\/wp-content\/uploads\/2026\/03\/Italsky-vecer-212x300.png 212w, https:\/\/restaurace-mandat.cz\/wp-content\/uploads\/2026\/03\/Italsky-vecer-768x1086.png 768w, https:\/\/restaurace-mandat.cz\/wp-content\/uploads\/2026\/03\/Italsky-vecer-1086x1536.png 1086w, https:\/\/restaurace-mandat.cz\/wp-content\/uploads\/2026\/03\/Italsky-vecer-8x12.png 8w, https:\/\/restaurace-mandat.cz\/wp-content\/uploads\/2026\/03\/Italsky-vecer.png 1414w\" sizes=\"(max-width: 724px) 100vw, 724px\" \/>\t\t\t\t\t\t\t\t\t\t\t\t\t<\/div>\n\t\t\t\t<\/div>\n\t\t\t\t<div class=\"elementor-element elementor-element-ba70d8b elementor-widget elementor-widget-image\" data-id=\"ba70d8b\" data-element_type=\"widget\" data-widget_type=\"image.default\">\n\t\t\t\t<div class=\"elementor-widget-container\">\n\t\t\t\t\t\t\t\t\t\t\t\t\t<img loading=\"lazy\" decoding=\"async\" width=\"724\" height=\"1024\" src=\"https:\/\/restaurace-mandat.cz\/wp-content\/uploads\/2026\/02\/Deep-Purple-and-White-Music-Concert-Poster-724x1024.png\" class=\"attachment-large size-large wp-image-3562\" alt=\"\" srcset=\"https:\/\/restaurace-mandat.cz\/wp-content\/uploads\/2026\/02\/Deep-Purple-and-White-Music-Concert-Poster-724x1024.png 724w, https:\/\/restaurace-mandat.cz\/wp-content\/uploads\/2026\/02\/Deep-Purple-and-White-Music-Concert-Poster-212x300.png 212w, https:\/\/restaurace-mandat.cz\/wp-content\/uploads\/2026\/02\/Deep-Purple-and-White-Music-Concert-Poster-768x1086.png 768w, https:\/\/restaurace-mandat.cz\/wp-content\/uploads\/2026\/02\/Deep-Purple-and-White-Music-Concert-Poster-1086x1536.png 1086w, https:\/\/restaurace-mandat.cz\/wp-content\/uploads\/2026\/02\/Deep-Purple-and-White-Music-Concert-Poster-1448x2048.png 1448w, https:\/\/restaurace-mandat.cz\/wp-content\/uploads\/2026\/02\/Deep-Purple-and-White-Music-Concert-Poster-8x12.png 8w, https:\/\/restaurace-mandat.cz\/wp-content\/uploads\/2026\/02\/Deep-Purple-and-White-Music-Concert-Poster.png 1587w\" sizes=\"(max-width: 724px) 100vw, 724px\" \/>\t\t\t\t\t\t\t\t\t\t\t\t\t<\/div>\n\t\t\t\t<\/div>\n\t\t\t\t<div class=\"elementor-element elementor-element-1ba3692 elementor-widget elementor-widget-image\" data-id=\"1ba3692\" data-element_type=\"widget\" data-widget_type=\"image.default\">\n\t\t\t\t<div class=\"elementor-widget-container\">\n\t\t\t\t\t\t\t\t\t\t\t\t\t<img loading=\"lazy\" decoding=\"async\" width=\"724\" height=\"1024\" src=\"https:\/\/restaurace-mandat.cz\/wp-content\/uploads\/2026\/02\/valentyn-koncert-724x1024.png\" class=\"attachment-large size-large wp-image-3535\" alt=\"\" srcset=\"https:\/\/restaurace-mandat.cz\/wp-content\/uploads\/2026\/02\/valentyn-koncert-724x1024.png 724w, https:\/\/restaurace-mandat.cz\/wp-content\/uploads\/2026\/02\/valentyn-koncert-212x300.png 212w, https:\/\/restaurace-mandat.cz\/wp-content\/uploads\/2026\/02\/valentyn-koncert-768x1086.png 768w, https:\/\/restaurace-mandat.cz\/wp-content\/uploads\/2026\/02\/valentyn-koncert-1086x1536.png 1086w, https:\/\/restaurace-mandat.cz\/wp-content\/uploads\/2026\/02\/valentyn-koncert-8x12.png 8w, https:\/\/restaurace-mandat.cz\/wp-content\/uploads\/2026\/02\/valentyn-koncert.png 1414w\" sizes=\"(max-width: 724px) 100vw, 724px\" \/>\t\t\t\t\t\t\t\t\t\t\t\t\t<\/div>\n\t\t\t\t<\/div>\n\t\t\t\t<div class=\"elementor-element elementor-element-9651b7f elementor-widget elementor-widget-image\" data-id=\"9651b7f\" data-element_type=\"widget\" data-widget_type=\"image.default\">\n\t\t\t\t<div class=\"elementor-widget-container\">\n\t\t\t\t\t\t\t\t\t\t\t\t\t<img loading=\"lazy\" decoding=\"async\" width=\"724\" height=\"1024\" src=\"https:\/\/restaurace-mandat.cz\/wp-content\/uploads\/2026\/02\/615512230_1476646867795994_2853089115943269458_n-724x1024.jpg\" class=\"attachment-large size-large wp-image-3537\" alt=\"\" srcset=\"https:\/\/restaurace-mandat.cz\/wp-content\/uploads\/2026\/02\/615512230_1476646867795994_2853089115943269458_n-724x1024.jpg 724w, https:\/\/restaurace-mandat.cz\/wp-content\/uploads\/2026\/02\/615512230_1476646867795994_2853089115943269458_n-212x300.jpg 212w, https:\/\/restaurace-mandat.cz\/wp-content\/uploads\/2026\/02\/615512230_1476646867795994_2853089115943269458_n-768x1086.jpg 768w, https:\/\/restaurace-mandat.cz\/wp-content\/uploads\/2026\/02\/615512230_1476646867795994_2853089115943269458_n-1086x1536.jpg 1086w, https:\/\/restaurace-mandat.cz\/wp-content\/uploads\/2026\/02\/615512230_1476646867795994_2853089115943269458_n-8x12.jpg 8w, https:\/\/restaurace-mandat.cz\/wp-content\/uploads\/2026\/02\/615512230_1476646867795994_2853089115943269458_n.jpg 1414w\" sizes=\"(max-width: 724px) 100vw, 724px\" \/>\t\t\t\t\t\t\t\t\t\t\t\t\t<\/div>\n\t\t\t\t<\/div>\n\t\t\t\t\t<\/div>\n\t\t<\/div>\n\t\t\t\t\t<\/div>\n\t\t<\/section>\n\t\t\t\t<section class=\"elementor-section elementor-top-section elementor-element elementor-element-45178d0 elementor-section-boxed elementor-section-height-default elementor-section-height-default\" data-id=\"45178d0\" data-element_type=\"section\">\n\t\t\t\t\t\t<div class=\"elementor-container elementor-column-gap-default\">\n\t\t\t\t\t<div class=\"elementor-column elementor-col-100 elementor-top-column elementor-element elementor-element-682e7a1\" data-id=\"682e7a1\" data-element_type=\"column\">\n\t\t\t<div class=\"elementor-widget-wrap\">\n\t\t\t\t\t\t\t<\/div>\n\t\t<\/div>\n\t\t\t\t\t<\/div>\n\t\t<\/section>\n\t\t\t\t<section class=\"elementor-section elementor-top-section elementor-element elementor-element-40d417e elementor-section-boxed elementor-section-height-default elementor-section-height-default\" data-id=\"40d417e\" data-element_type=\"section\">\n\t\t\t\t\t\t<div class=\"elementor-container elementor-column-gap-default\">\n\t\t\t\t\t<div class=\"elementor-column elementor-col-100 elementor-top-column elementor-element elementor-element-240537c\" data-id=\"240537c\" data-element_type=\"column\">\n\t\t\t<div class=\"elementor-widget-wrap elementor-element-populated\">\n\t\t\t\t\t\t<div class=\"elementor-element elementor-element-11a9008 elementor-widget elementor-widget-image\" data-id=\"11a9008\" data-element_type=\"widget\" data-widget_type=\"image.default\">\n\t\t\t\t<div class=\"elementor-widget-container\">\n\t\t\t\t\t\t\t\t\t\t\t\t\t<img loading=\"lazy\" decoding=\"async\" width=\"724\" height=\"1024\" src=\"https:\/\/restaurace-mandat.cz\/wp-content\/uploads\/2026\/02\/601005855_1454690993324915_1216910526976491209_n-724x1024.jpg\" class=\"attachment-large size-large wp-image-3538\" alt=\"\" srcset=\"https:\/\/restaurace-mandat.cz\/wp-content\/uploads\/2026\/02\/601005855_1454690993324915_1216910526976491209_n-724x1024.jpg 724w, https:\/\/restaurace-mandat.cz\/wp-content\/uploads\/2026\/02\/601005855_1454690993324915_1216910526976491209_n-212x300.jpg 212w, https:\/\/restaurace-mandat.cz\/wp-content\/uploads\/2026\/02\/601005855_1454690993324915_1216910526976491209_n-768x1086.jpg 768w, https:\/\/restaurace-mandat.cz\/wp-content\/uploads\/2026\/02\/601005855_1454690993324915_1216910526976491209_n-1086x1536.jpg 1086w, https:\/\/restaurace-mandat.cz\/wp-content\/uploads\/2026\/02\/601005855_1454690993324915_1216910526976491209_n-8x12.jpg 8w, https:\/\/restaurace-mandat.cz\/wp-content\/uploads\/2026\/02\/601005855_1454690993324915_1216910526976491209_n.jpg 1414w\" sizes=\"(max-width: 724px) 100vw, 724px\" \/>\t\t\t\t\t\t\t\t\t\t\t\t\t<\/div>\n\t\t\t\t<\/div>\n\t\t\t\t\t<\/div>\n\t\t<\/div>\n\t\t\t\t\t<\/div>\n\t\t<\/section>\n\t\t\t\t<\/div>","protected":false},"excerpt":{"rendered":"<p>KONCERTY A AKCE Pravideln\u011b u n\u00e1s po\u0159\u00e1d\u00e1me koncerty r\u016fzn\u00fdch interpret\u016f. \u010cesk\u00e9, italsk\u00e9, latinskoamerick\u00e9&#8230; u n\u00e1s si ka\u017ed\u00fd najde to svoje. Ke kr\u00e1sn\u00e9 hudb\u011b si m\u016f\u017eete vychutnat na\u0161\u00ed poctivou italskou kuchyni, v\u00fdb\u011br z al\u017e\u00edrsk\u00fdch a italsk\u00fdch v\u00edn nebo t\u0159eba \u010depovanou Plze\u0148. Nab\u00edz\u00edme ze \u0160t\u011bchovic a Hradi\u0161tka odvoz tam i zp\u011bt zdarma, abyste si mohli ve\u010der u\u017e\u00edt [&hellip;]<\/p>","protected":false},"author":4,"featured_media":0,"parent":0,"menu_order":0,"comment_status":"closed","ping_status":"closed","template":"","meta":{"_acf_changed":false,"ngg_post_thumbnail":0,"footnotes":""},"class_list":["post-22","page","type-page","status-publish","hentry"],"acf":[],"_links":{"self":[{"href":"https:\/\/restaurace-mandat.cz\/en\/wp-json\/wp\/v2\/pages\/22","targetHints":{"allow":["GET"]}}],"collection":[{"href":"https:\/\/restaurace-mandat.cz\/en\/wp-json\/wp\/v2\/pages"}],"about":[{"href":"https:\/\/restaurace-mandat.cz\/en\/wp-json\/wp\/v2\/types\/page"}],"author":[{"embeddable":true,"href":"https:\/\/restaurace-mandat.cz\/en\/wp-json\/wp\/v2\/users\/4"}],"replies":[{"embeddable":true,"href":"https:\/\/restaurace-mandat.cz\/en\/wp-json\/wp\/v2\/comments?post=22"}],"version-history":[{"count":38,"href":"https:\/\/restaurace-mandat.cz\/en\/wp-json\/wp\/v2\/pages\/22\/revisions"}],"predecessor-version":[{"id":3582,"href":"https:\/\/restaurace-mandat.cz\/en\/wp-json\/wp\/v2\/pages\/22\/revisions\/3582"}],"wp:attachment":[{"href":"https:\/\/restaurace-mandat.cz\/en\/wp-json\/wp\/v2\/media?parent=22"}],"curies":[{"name":"wp","href":"https:\/\/api.w.org\/{rel}","templated":true}]}}